{"id":3694,"date":"2024-10-16T16:41:42","date_gmt":"2024-10-16T14:41:42","guid":{"rendered":"https:\/\/xlogiq.com\/?page_id=3694"},"modified":"2025-08-07T14:26:20","modified_gmt":"2025-08-07T12:26:20","slug":"edi-connect","status":"publish","type":"page","link":"https:\/\/xlogiq.com\/en\/oplossingen\/edi-connect\/","title":{"rendered":"EDI-connect"},"content":{"rendered":"<div class=\"vc_row wpb_row vc_row-fluid vc_custom_1610115887220\"><div class=\"wpb_column vc_column_container vc_col-sm-12\"><div class=\"vc_column-inner\"><div class=\"wpb_wrapper\"><div id=\"ultimate-heading-743269e08fa1b8fd5\" class=\"uvc-heading ult-adjust-bottom-margin ultimate-heading-743269e08fa1b8fd5 uvc-3512  uvc-heading-default-font-sizes\" data-hspacer=\"no_spacer\"  data-halign=\"center\" style=\"text-align:center\"><div class=\"uvc-heading-spacer no_spacer\" style=\"top\"><\/div><div class=\"uvc-main-heading ult-responsive\"  data-ultimate-target='.uvc-heading.ultimate-heading-743269e08fa1b8fd5 h1'  data-responsive-json-new='{\"font-size\":\"\",\"line-height\":\"\"}' ><h1 style=\"--font-weight:theme;\">EDI-connect<\/h1><\/div><\/div><div class=\"vc_separator wpb_content_element vc_separator_align_center vc_sep_width_100 vc_sep_border_width_3 vc_sep_pos_align_center vc_separator_no_text\" ><span class=\"vc_sep_holder vc_sep_holder_l\"><span  style=\"border-color:#008b99;\" class=\"vc_sep_line\"><\/span><\/span><span class=\"vc_sep_holder vc_sep_holder_r\"><span  style=\"border-color:#008b99;\" class=\"vc_sep_line\"><\/span><\/span>\n<\/div><div class=\"vc_empty_space\"   style=\"height: 64px\"><span class=\"vc_empty_space_inner\"><\/span><\/div>\n\t<div class=\"wpb_text_column wpb_content_element\" >\n\t\t<div class=\"wpb_wrapper\">\n\t\t\t<h3 data-start=\"165\" data-end=\"261\"><strong data-start=\"169\" data-end=\"261\">EDI-Connect \u2013 Slimme koppeling tussen systemen, volledig zichtbaar in het Control Center<\/strong><\/h3>\n<p data-start=\"263\" data-end=\"589\">EDI-Connect is de krachtige middleware van XlogiQ die zorgt voor foutloze en geautomatiseerde gegevensuitwisseling tussen alle betrokken systemen in de logistieke keten. Of het nu gaat om TMS-, WMS-systemen, boordcomputers of klantportalen: EDI-Connect vertaalt, verwerkt en verzendt alle relevante data in het juiste formaat.<\/p>\n<p data-start=\"591\" data-end=\"770\">Een belangrijke functie is de <strong data-start=\"621\" data-end=\"664\">verwerking en doorzending van statussen<\/strong>, zoals geplande pickups, leveringen of ontvangstbevestigingen. Deze worden automatisch doorgestuurd naar:<\/p>\n<ul data-start=\"772\" data-end=\"921\">\n<li data-start=\"772\" data-end=\"809\">\n<p data-start=\"774\" data-end=\"809\"><strong data-start=\"774\" data-end=\"790\">Doelsystemen<\/strong> zoals TMS of WMS<\/p>\n<\/li>\n<li data-start=\"810\" data-end=\"874\">\n<p data-start=\"812\" data-end=\"874\"><strong data-start=\"812\" data-end=\"830\">Boordcomputers<\/strong> voor realtime communicatie met chauffeurs<\/p>\n<\/li>\n<li data-start=\"875\" data-end=\"921\">\n<p data-start=\"877\" data-end=\"921\"><strong data-start=\"877\" data-end=\"905\">Klanten van jouw klanten<\/strong>, via EDI of API<\/p>\n<\/li>\n<\/ul>\n<p data-start=\"923\" data-end=\"1268\"><strong data-start=\"923\" data-end=\"1019\">Alle communicatie, statussen en fouten zijn volledig zichtbaar in het Digital Control Center<\/strong>. Dit centrale platform biedt realtime inzicht in elke verzonden of ontvangen statusupdate, inclusief foutmeldingen, verwerkingstijden en volgstatussen. Zo heb je maximale controle over de datastromen, zonder losse tools of ondoorzichtige processen.<\/p>\n<p data-start=\"1270\" data-end=\"1454\">Met EDI-Connect en het Digital Control Center heb je \u00e9\u00e9n krachtige oplossing in handen voor end-to-end zichtbaarheid \u00e9n grip op alle digitale berichtenstromen in je logistieke netwerk.<\/p>\n\n\t\t<\/div>\n\t<\/div>\n<div class=\"vc_empty_space\"   style=\"height: 64px\"><span class=\"vc_empty_space_inner\"><\/span><\/div><div class=\"vc_separator wpb_content_element vc_separator_align_center vc_sep_width_100 vc_sep_border_width_3 vc_sep_pos_align_center vc_separator_no_text\" ><span class=\"vc_sep_holder vc_sep_holder_l\"><span  style=\"border-color:#008b99;\" class=\"vc_sep_line\"><\/span><\/span><span class=\"vc_sep_holder vc_sep_holder_r\"><span  style=\"border-color:#008b99;\" class=\"vc_sep_line\"><\/span><\/span>\n<\/div><div class=\"vc_empty_space\"   style=\"height: 64px\"><span class=\"vc_empty_space_inner\"><\/span><\/div>\n\t<div class=\"wpb_video_widget wpb_content_element vc_clearfix   vc_video-aspect-ratio-169 vc_video-el-width-70 vc_video-align-center\" >\n\t\t<div class=\"wpb_wrapper\">\n\t\t\t\n\t\t\t<div class=\"wpb_video_wrapper\"><iframe loading=\"lazy\" title=\"XlogiQ Consulting Group: EDI-Connect\" width=\"1200\" height=\"675\" src=\"https:\/\/www.youtube.com\/embed\/bCHVJI6SdjY?feature=oembed\" frameborder=\"0\" allow=\"accelerometer; autoplay; clipboard-write; encrypted-media; gyroscope; picture-in-picture; web-share\" referrerpolicy=\"strict-origin-when-cross-origin\" allowfullscreen><\/iframe><\/div>\n\t\t<\/div>\n\t<\/div>\n<\/div><\/div><\/div><\/div><div class=\"vc_row wpb_row vc_row-fluid\"><div class=\"wpb_column vc_column_container vc_col-sm-12\"><div class=\"vc_column-inner\"><div class=\"wpb_wrapper\"><div class=\"vc_empty_space\"   style=\"height: 64px\"><span class=\"vc_empty_space_inner\"><\/span><\/div><\/div><\/div><\/div><\/div><div class=\"vc_row wpb_row vc_row-fluid\"><div class=\"wpb_column vc_column_container vc_col-sm-12\"><div class=\"vc_column-inner\"><div class=\"wpb_wrapper\"><div class=\"vc_separator wpb_content_element vc_separator_align_center vc_sep_width_100 vc_sep_pos_align_center vc_sep_color_grey vc_separator-has-text\" ><span class=\"vc_sep_holder vc_sep_holder_l\"><span  class=\"vc_sep_line\"><\/span><\/span><h4>Other solutions<\/h4><span class=\"vc_sep_holder vc_sep_holder_r\"><span  class=\"vc_sep_line\"><\/span><\/span>\n<\/div><div class=\"vc_empty_space\"   style=\"height: 32px\"><span class=\"vc_empty_space_inner\"><\/span><\/div><style type=\"text\/css\" data-type=\"the7_shortcodes-inline-css\">.carousel-shortcode.carousel-shortcode-id-994cf2e8c5f0c0c3c3f51b8beafc13ec.owl-carousel .owl-nav div {\n  width: 36px;\n  height: 36px;\n  border-radius: 500px;\n}\n.dt-arrow-border-on.carousel-shortcode.carousel-shortcode-id-994cf2e8c5f0c0c3c3f51b8beafc13ec.owl-carousel .owl-nav div:not(:hover):before {\n  border-width: 0px;\n}\n.dt-arrow-hover-border-on.carousel-shortcode.carousel-shortcode-id-994cf2e8c5f0c0c3c3f51b8beafc13ec.owl-carousel .owl-nav div:hover:after {\n  border-width: 0px;\n}\n.carousel-shortcode.carousel-shortcode-id-994cf2e8c5f0c0c3c3f51b8beafc13ec.owl-carousel .owl-nav div.owl-prev {\n  top: 50%;\n  transform: translateY(calc(-50% + 0px));\n  left: -43px;\n}\n@media all and (-ms-high-contrast: none) {\n  .carousel-shortcode.carousel-shortcode-id-994cf2e8c5f0c0c3c3f51b8beafc13ec.owl-carousel .owl-nav div.owl-prev {\n    transform: translateY(-50%);\n    margin-top: 0px;\n  }\n}\n.carousel-shortcode.carousel-shortcode-id-994cf2e8c5f0c0c3c3f51b8beafc13ec.owl-carousel .owl-nav div.owl-prev i {\n  padding: 0px 0px 0px 0px;\n}\n.carousel-shortcode.carousel-shortcode-id-994cf2e8c5f0c0c3c3f51b8beafc13ec.owl-carousel .owl-nav div.owl-next {\n  top: 50%;\n  transform: translateY(calc(-50% + 0px));\n  right: -43px;\n}\n@media all and (-ms-high-contrast: none) {\n  .carousel-shortcode.carousel-shortcode-id-994cf2e8c5f0c0c3c3f51b8beafc13ec.owl-carousel .owl-nav div.owl-next {\n    transform: translateY(-50%);\n    margin-top: 0px;\n  }\n}\n.carousel-shortcode.carousel-shortcode-id-994cf2e8c5f0c0c3c3f51b8beafc13ec.owl-carousel .owl-nav div.owl-next i {\n  padding: 0px 0px 0px 0px;\n}\n.carousel-shortcode.carousel-shortcode-id-994cf2e8c5f0c0c3c3f51b8beafc13ec.owl-carousel .owl-nav i {\n  font-size: 12px;\n}\n.carousel-shortcode.carousel-shortcode-id-994cf2e8c5f0c0c3c3f51b8beafc13ec.owl-carousel .owl-nav div:not(:hover) i,\n.carousel-shortcode.carousel-shortcode-id-994cf2e8c5f0c0c3c3f51b8beafc13ec.owl-carousel .owl-nav div:not(:hover) i:before {\n  color: #ffffff;\n  background: none;\n}\n.carousel-shortcode.carousel-shortcode-id-994cf2e8c5f0c0c3c3f51b8beafc13ec.owl-carousel .owl-nav div:hover i,\n.carousel-shortcode.carousel-shortcode-id-994cf2e8c5f0c0c3c3f51b8beafc13ec.owl-carousel .owl-nav div:hover i:before {\n  color: rgba(255,255,255,0.75);\n  background: none;\n}\n.carousel-shortcode.carousel-shortcode-id-994cf2e8c5f0c0c3c3f51b8beafc13ec .owl-dots {\n  top: calc(100% + 20px);\n  left: 50%;\n  transform: translateX(calc(-50% + 0px));\n}\n@media all and (-ms-high-contrast: none) {\n  .carousel-shortcode.carousel-shortcode-id-994cf2e8c5f0c0c3c3f51b8beafc13ec .owl-dots {\n    transform: translateX(-50%);\n    margin-left: 0px;\n  }\n}\n.carousel-shortcode.carousel-shortcode-id-994cf2e8c5f0c0c3c3f51b8beafc13ec .owl-dot {\n  width: 10px;\n  height: 10px;\n  margin: 0 8px;\n}\n@media screen and (max-width: 778px) {\n  .carousel-shortcode.carousel-shortcode-id-994cf2e8c5f0c0c3c3f51b8beafc13ec.hide-arrows .owl-nav a {\n    display: none;\n  }\n}\n@media screen and (max-width: 778px) {\n  .carousel-shortcode.carousel-shortcode-id-994cf2e8c5f0c0c3c3f51b8beafc13ec.reposition-arrows .owl-nav .owl-prev {\n    top: 50%;\n    transform: translateY(calc(-50% + 0px));\n    left: 10px;\n  }\n  .carousel-shortcode.carousel-shortcode-id-994cf2e8c5f0c0c3c3f51b8beafc13ec.reposition-arrows .owl-nav .owl-next {\n    top: 50%;\n    transform: translateY(calc(-50% + 0px));\n    right: 10px;\n  }\n}\n@media screen and (max-width: 778px) and all and (-ms-high-contrast: none) {\n  .carousel-shortcode.carousel-shortcode-id-994cf2e8c5f0c0c3c3f51b8beafc13ec.reposition-arrows .owl-nav .owl-prev {\n    transform: translateY(-50%);\n    margin-top: 0px;\n  }\n}\n@media screen and (max-width: 778px) and all and (-ms-high-contrast: none) {\n  .carousel-shortcode.carousel-shortcode-id-994cf2e8c5f0c0c3c3f51b8beafc13ec.reposition-arrows .owl-nav .owl-next {\n    transform: translateY(-50%);\n    margin-top: 0px;\n  }\n}\n<\/style><div class=\"owl-carousel carousel-shortcode dt-owl-carousel-call carousel-shortcode-id-994cf2e8c5f0c0c3c3f51b8beafc13ec bullets-small-dot-stroke reposition-arrows arrows-bg-on dt-arrow-border-on dt-arrow-hover-border-on disable-arrows-hover-bg arrows-hover-bg-on\" data-scroll-mode=\"1\" data-col-num=\"2\" data-wide-col-num=\"2\" data-laptop-col=\"2\" data-h-tablet-columns-num=\"2\" data-v-tablet-columns-num=\"2\" data-phone-columns-num=\"1\" data-auto-height=\"false\" data-col-gap=\"20\" data-stage-padding=\"0\" data-speed=\"1000\" data-autoplay=\"true\" data-autoplay_speed=\"6000\" data-arrows=\"true\" data-bullet=\"false\" data-next-icon=\"icon-ar-017-r\" data-prev-icon=\"icon-ar-017-l\"><style type=\"text\/css\" data-type=\"the7_shortcodes-inline-css\">#default-btn-07cbe10dd89d5d0263196d0147b17647.ico-right-side > i {\n  margin-right: 0px;\n  margin-left: 8px;\n}\n#default-btn-07cbe10dd89d5d0263196d0147b17647 > i {\n  margin-right: 8px;\n}\n<\/style><div class=\"btn-align-center\"><a href=\"https:\/\/xlogiq.com\/en\/oplossingen\/transport-management-systeem\/\" class=\"default-btn-shortcode dt-btn dt-btn-m link-hover-off\" id=\"default-btn-07cbe10dd89d5d0263196d0147b17647\" style=\"width:290px;\" title=\"Transport Management System\"><span>Garage workshop administration<\/span><\/a><\/div><style type=\"text\/css\" data-type=\"the7_shortcodes-inline-css\">#default-btn-85834a04280b9c1569c56e3e6ebfa999.ico-right-side > i {\n  margin-right: 0px;\n  margin-left: 8px;\n}\n#default-btn-85834a04280b9c1569c56e3e6ebfa999 > i {\n  margin-right: 8px;\n}\n<\/style><div class=\"btn-align-center\"><a href=\"https:\/\/xlogiq.com\/en\/oplossingen\/warehouse-management-systeem\/\" class=\"default-btn-shortcode dt-btn dt-btn-m link-hover-off\" id=\"default-btn-85834a04280b9c1569c56e3e6ebfa999\" style=\"width:290px;\" title=\"Warehouse Management System\"><span>Control tower<\/span><\/a><\/div><\/div><div class=\"vc_empty_space\"   style=\"height: 32px\"><span class=\"vc_empty_space_inner\"><\/span><\/div><div class=\"vc_empty_space\"   style=\"height: 32px\"><span class=\"vc_empty_space_inner\"><\/span><\/div><\/div><\/div><\/div><\/div><div class=\"vc_row wpb_row vc_row-fluid vc_custom_1609761371796\"><div class=\"wpb_column vc_column_container vc_col-sm-12\"><div class=\"vc_column-inner\"><div class=\"wpb_wrapper\"><div class=\"vc_empty_space\"   style=\"height: 32px\"><span class=\"vc_empty_space_inner\"><\/span><\/div><div id=\"ultimate-heading-617169e08fa1c0185\" class=\"uvc-heading ult-adjust-bottom-margin ultimate-heading-617169e08fa1c0185 uvc-2420  uvc-heading-default-font-sizes\" data-hspacer=\"no_spacer\"  data-halign=\"center\" style=\"text-align:center\"><div class=\"uvc-heading-spacer no_spacer\" style=\"top\"><\/div><div class=\"uvc-main-heading ult-responsive\"  data-ultimate-target='.uvc-heading.ultimate-heading-617169e08fa1c0185 h2'  data-responsive-json-new='{\"font-size\":\"\",\"line-height\":\"\"}' ><h2 style=\"font-style:italic;--font-weight:theme;\">Interested in improving logistical processes by XlogiQ Consulting Group?<\/h2><\/div><\/div><div class=\"vc_empty_space\"   style=\"height: 32px\"><span class=\"vc_empty_space_inner\"><\/span><\/div><style type=\"text\/css\" data-type=\"the7_shortcodes-inline-css\">#default-btn-5801af74a273f3e20d4f6aaeeb1d2958.ico-right-side > i {\n  margin-right: 0px;\n  margin-left: 8px;\n}\n#default-btn-5801af74a273f3e20d4f6aaeeb1d2958 > i {\n  margin-right: 8px;\n}\n<\/style><div class=\"btn-align-center\"><a href=\"https:\/\/xlogiq.com\/en\/contact\/\" class=\"default-btn-shortcode dt-btn dt-btn-l link-hover-off\" id=\"default-btn-5801af74a273f3e20d4f6aaeeb1d2958\" title=\"Contact\"><span>Contact us<\/span><\/a><\/div><div class=\"vc_empty_space\"   style=\"height: 32px\"><span class=\"vc_empty_space_inner\"><\/span><\/div><\/div><\/div><\/div><\/div><!-- Row Backgrounds --><div class=\"upb_color\" data-bg-override=\"full\" data-bg-color=\"rgba(128,197,204,0.1)\" data-fadeout=\"\" data-fadeout-percentage=\"30\" data-parallax-content=\"\" data-parallax-content-sense=\"30\" data-row-effect-mobile-disable=\"true\" data-img-parallax-mobile-disable=\"true\" data-rtl=\"false\"  data-custom-vc-row=\"\"  data-vc=\"6.6.0.1\"  data-is_old_vc=\"\"  data-theme-support=\"\"   data-overlay=\"false\" data-overlay-color=\"\" data-overlay-pattern=\"\" data-overlay-pattern-opacity=\"\" data-overlay-pattern-size=\"\"    ><\/div>","protected":false},"excerpt":{"rendered":"<p>EDI-connect EDI-Connect \u2013 Slimme koppeling tussen systemen, volledig zichtbaar in het Control Center EDI-Connect is de krachtige middleware van XlogiQ die zorgt voor foutloze en geautomatiseerde gegevensuitwisseling tussen alle betrokken systemen in de logistieke keten. Of het nu gaat om TMS-, WMS-systemen, boordcomputers of klantportalen: EDI-Connect vertaalt, verwerkt en verzendt alle relevante data in het&hellip;<\/p>","protected":false},"author":5,"featured_media":0,"parent":1488,"menu_order":0,"comment_status":"closed","ping_status":"closed","template":"","meta":{"footnotes":""},"class_list":["post-3694","page","type-page","status-publish","hentry","description-off"],"yoast_head":"<!-- This site is optimized with the Yoast SEO plugin v25.8 - https:\/\/yoast.com\/wordpress\/plugins\/seo\/ -->\n<title>EDI-connect - XlogiQ Consulting Group<\/title>\n<meta name=\"robots\" content=\"index, follow, max-snippet:-1, max-image-preview:large, max-video-preview:-1\" \/>\n<link rel=\"canonical\" href=\"https:\/\/xlogiq.com\/en\/oplossingen\/edi-connect\/\" \/>\n<meta property=\"og:locale\" content=\"en_GB\" \/>\n<meta property=\"og:type\" content=\"article\" \/>\n<meta property=\"og:title\" content=\"EDI-connect - XlogiQ Consulting Group\" \/>\n<meta property=\"og:url\" content=\"https:\/\/xlogiq.com\/en\/oplossingen\/edi-connect\/\" \/>\n<meta property=\"og:site_name\" content=\"XlogiQ Consulting Group\" \/>\n<meta property=\"article:modified_time\" content=\"2025-08-07T12:26:20+00:00\" \/>\n<meta name=\"twitter:card\" content=\"summary_large_image\" \/>\n<meta name=\"twitter:label1\" content=\"Estimated reading time\" \/>\n\t<meta name=\"twitter:data1\" content=\"3 minutes\" \/>\n<script type=\"application\/ld+json\" class=\"yoast-schema-graph\">{\"@context\":\"https:\/\/schema.org\",\"@graph\":[{\"@type\":\"WebPage\",\"@id\":\"https:\/\/xlogiq.com\/oplossingen\/edi-connect\/\",\"url\":\"https:\/\/xlogiq.com\/oplossingen\/edi-connect\/\",\"name\":\"EDI-connect - XlogiQ Consulting Group\",\"isPartOf\":{\"@id\":\"https:\/\/xlogiq.com\/#website\"},\"datePublished\":\"2024-10-16T14:41:42+00:00\",\"dateModified\":\"2025-08-07T12:26:20+00:00\",\"breadcrumb\":{\"@id\":\"https:\/\/xlogiq.com\/oplossingen\/edi-connect\/#breadcrumb\"},\"inLanguage\":\"en-GB\",\"potentialAction\":[{\"@type\":\"ReadAction\",\"target\":[\"https:\/\/xlogiq.com\/oplossingen\/edi-connect\/\"]}]},{\"@type\":\"BreadcrumbList\",\"@id\":\"https:\/\/xlogiq.com\/oplossingen\/edi-connect\/#breadcrumb\",\"itemListElement\":[{\"@type\":\"ListItem\",\"position\":1,\"name\":\"Home\",\"item\":\"https:\/\/xlogiq.com\/\"},{\"@type\":\"ListItem\",\"position\":2,\"name\":\"Oplossingen\",\"item\":\"https:\/\/xlogiq.com\/oplossingen\/\"},{\"@type\":\"ListItem\",\"position\":3,\"name\":\"EDI-connect\"}]},{\"@type\":\"WebSite\",\"@id\":\"https:\/\/xlogiq.com\/#website\",\"url\":\"https:\/\/xlogiq.com\/\",\"name\":\"XlogiQ Consulting Group\",\"description\":\"Excelling IT Solutions\",\"publisher\":{\"@id\":\"https:\/\/xlogiq.com\/#organization\"},\"potentialAction\":[{\"@type\":\"SearchAction\",\"target\":{\"@type\":\"EntryPoint\",\"urlTemplate\":\"https:\/\/xlogiq.com\/?s={search_term_string}\"},\"query-input\":{\"@type\":\"PropertyValueSpecification\",\"valueRequired\":true,\"valueName\":\"search_term_string\"}}],\"inLanguage\":\"en-GB\"},{\"@type\":\"Organization\",\"@id\":\"https:\/\/xlogiq.com\/#organization\",\"name\":\"XlogiQ Consulting Group\",\"url\":\"https:\/\/xlogiq.com\/\",\"logo\":{\"@type\":\"ImageObject\",\"inLanguage\":\"en-GB\",\"@id\":\"https:\/\/xlogiq.com\/#\/schema\/logo\/image\/\",\"url\":\"https:\/\/xlogiq.com\/wp-content\/uploads\/2021\/01\/xlogiq-overons.jpg\",\"contentUrl\":\"https:\/\/xlogiq.com\/wp-content\/uploads\/2021\/01\/xlogiq-overons.jpg\",\"width\":450,\"height\":200,\"caption\":\"XlogiQ Consulting Group\"},\"image\":{\"@id\":\"https:\/\/xlogiq.com\/#\/schema\/logo\/image\/\"},\"sameAs\":[\"https:\/\/www.linkedin.com\/company\/xlogiq-consulting-group\/?viewAsMember=true\"]}]}<\/script>\n<!-- \/ Yoast SEO plugin. -->","yoast_head_json":{"title":"EDI-connect - XlogiQ Consulting Group","robots":{"index":"index","follow":"follow","max-snippet":"max-snippet:-1","max-image-preview":"max-image-preview:large","max-video-preview":"max-video-preview:-1"},"canonical":"https:\/\/xlogiq.com\/en\/oplossingen\/edi-connect\/","og_locale":"en_GB","og_type":"article","og_title":"EDI-connect - XlogiQ Consulting Group","og_url":"https:\/\/xlogiq.com\/en\/oplossingen\/edi-connect\/","og_site_name":"XlogiQ Consulting Group","article_modified_time":"2025-08-07T12:26:20+00:00","twitter_card":"summary_large_image","twitter_misc":{"Estimated reading time":"3 minutes"},"schema":{"@context":"https:\/\/schema.org","@graph":[{"@type":"WebPage","@id":"https:\/\/xlogiq.com\/oplossingen\/edi-connect\/","url":"https:\/\/xlogiq.com\/oplossingen\/edi-connect\/","name":"EDI-connect - XlogiQ Consulting Group","isPartOf":{"@id":"https:\/\/xlogiq.com\/#website"},"datePublished":"2024-10-16T14:41:42+00:00","dateModified":"2025-08-07T12:26:20+00:00","breadcrumb":{"@id":"https:\/\/xlogiq.com\/oplossingen\/edi-connect\/#breadcrumb"},"inLanguage":"en-GB","potentialAction":[{"@type":"ReadAction","target":["https:\/\/xlogiq.com\/oplossingen\/edi-connect\/"]}]},{"@type":"BreadcrumbList","@id":"https:\/\/xlogiq.com\/oplossingen\/edi-connect\/#breadcrumb","itemListElement":[{"@type":"ListItem","position":1,"name":"Home","item":"https:\/\/xlogiq.com\/"},{"@type":"ListItem","position":2,"name":"Oplossingen","item":"https:\/\/xlogiq.com\/oplossingen\/"},{"@type":"ListItem","position":3,"name":"EDI-connect"}]},{"@type":"WebSite","@id":"https:\/\/xlogiq.com\/#website","url":"https:\/\/xlogiq.com\/","name":"XlogiQ Consulting Group","description":"Excelling IT Solutions","publisher":{"@id":"https:\/\/xlogiq.com\/#organization"},"potentialAction":[{"@type":"SearchAction","target":{"@type":"EntryPoint","urlTemplate":"https:\/\/xlogiq.com\/?s={search_term_string}"},"query-input":{"@type":"PropertyValueSpecification","valueRequired":true,"valueName":"search_term_string"}}],"inLanguage":"en-GB"},{"@type":"Organization","@id":"https:\/\/xlogiq.com\/#organization","name":"XlogiQ Consulting Group","url":"https:\/\/xlogiq.com\/","logo":{"@type":"ImageObject","inLanguage":"en-GB","@id":"https:\/\/xlogiq.com\/#\/schema\/logo\/image\/","url":"https:\/\/xlogiq.com\/wp-content\/uploads\/2021\/01\/xlogiq-overons.jpg","contentUrl":"https:\/\/xlogiq.com\/wp-content\/uploads\/2021\/01\/xlogiq-overons.jpg","width":450,"height":200,"caption":"XlogiQ Consulting Group"},"image":{"@id":"https:\/\/xlogiq.com\/#\/schema\/logo\/image\/"},"sameAs":["https:\/\/www.linkedin.com\/company\/xlogiq-consulting-group\/?viewAsMember=true"]}]}},"_links":{"self":[{"href":"https:\/\/xlogiq.com\/en\/wp-json\/wp\/v2\/pages\/3694","targetHints":{"allow":["GET"]}}],"collection":[{"href":"https:\/\/xlogiq.com\/en\/wp-json\/wp\/v2\/pages"}],"about":[{"href":"https:\/\/xlogiq.com\/en\/wp-json\/wp\/v2\/types\/page"}],"author":[{"embeddable":true,"href":"https:\/\/xlogiq.com\/en\/wp-json\/wp\/v2\/users\/5"}],"replies":[{"embeddable":true,"href":"https:\/\/xlogiq.com\/en\/wp-json\/wp\/v2\/comments?post=3694"}],"version-history":[{"count":15,"href":"https:\/\/xlogiq.com\/en\/wp-json\/wp\/v2\/pages\/3694\/revisions"}],"predecessor-version":[{"id":3855,"href":"https:\/\/xlogiq.com\/en\/wp-json\/wp\/v2\/pages\/3694\/revisions\/3855"}],"up":[{"embeddable":true,"href":"https:\/\/xlogiq.com\/en\/wp-json\/wp\/v2\/pages\/1488"}],"wp:attachment":[{"href":"https:\/\/xlogiq.com\/en\/wp-json\/wp\/v2\/media?parent=3694"}],"curies":[{"name":"wp","href":"https:\/\/api.w.org\/{rel}","templated":true}]}}