{"id":1611,"date":"2021-01-05T14:52:12","date_gmt":"2021-01-05T13:52:12","guid":{"rendered":"https:\/\/xlogiq.com\/?page_id=1611"},"modified":"2021-01-27T13:50:28","modified_gmt":"2021-01-27T12:50:28","slug":"seacon-logistics","status":"publish","type":"page","link":"https:\/\/xlogiq.com\/en\/klantervaringen\/seacon-logistics\/","title":{"rendered":"Seacon Logistics"},"content":{"rendered":"<div class=\"vc_row wpb_row vc_row-fluid vc_custom_1609957056609\"><div class=\"wpb_column vc_column_container vc_col-sm-4\"><div class=\"vc_column-inner\"><div class=\"wpb_wrapper\"><div id=\"ultimate-heading-279269d666ad7487e\" class=\"uvc-heading ult-adjust-bottom-margin ultimate-heading-279269d666ad7487e uvc-6454  uvc-heading-default-font-sizes\" data-hspacer=\"line_only\"  data-halign=\"left\" style=\"text-align:left\"><div class=\"uvc-main-heading ult-responsive\"  data-ultimate-target='.uvc-heading.ultimate-heading-279269d666ad7487e h1'  data-responsive-json-new='{\"font-size\":\"\",\"line-height\":\"\"}' ><h1 style=\"--font-weight:theme;\">Seacon Logistics<\/h1><\/div><div class=\"uvc-heading-spacer line_only\" style=\"topheight:1px;\"><span class=\"uvc-headings-line\" style=\"border-style:solid;border-bottom-width:1px;border-color:#008b99;width:75px;\"><\/span><\/div><\/div><div class=\"vc_empty_space\"   style=\"height: 32px\"><span class=\"vc_empty_space_inner\"><\/span><\/div><div class=\"vc_row wpb_row vc_inner vc_row-fluid vc_custom_1611672309044 vc_row-has-fill\"><div class=\"wpb_column vc_column_container vc_col-sm-12\"><div class=\"vc_column-inner\"><div class=\"wpb_wrapper\"><div id=\"ultimate-heading-513869d666ad7607f\" class=\"uvc-heading ult-adjust-bottom-margin ultimate-heading-513869d666ad7607f uvc-4244  uvc-heading-default-font-sizes\" data-hspacer=\"no_spacer\"  data-halign=\"left\" style=\"text-align:left\"><div class=\"uvc-heading-spacer no_spacer\" style=\"top\"><\/div><div class=\"uvc-main-heading ult-responsive\"  data-ultimate-target='.uvc-heading.ultimate-heading-513869d666ad7607f h2'  data-responsive-json-new='{\"font-size\":\"\",\"line-height\":\"\"}' ><h2 style=\"--font-weight:theme;\">Company profile<\/h2><\/div><\/div>\n\t<div class=\"wpb_text_column wpb_content_element\" >\n\t\t<div class=\"wpb_wrapper\">\n\t\t\t<p>Seacon Logistics is the logistic chain director for coordinating and optimizing the logistics supply chain.<\/p>\n\n\t\t<\/div>\n\t<\/div>\n<div class=\"vc_empty_space\"   style=\"height: 32px\"><span class=\"vc_empty_space_inner\"><\/span><\/div><div class=\"standard-arrow list-divider bullet-top\"><ul>\n<li>Turnover: \u20ac 150 mln<\/li>\n<li>Employees: 500<\/li>\n<li>Branches: 2 European countries<\/li>\n<li>Website: <a href=\"https:\/\/www.seaconlogistics.com\/\" target=\"_blank\" rel=\"noopener\">https:\/\/www.seaconlogistics.com\/<\/a><\/li>\n<\/ul>\n<\/div><\/div><\/div><\/div><\/div><div class=\"vc_empty_space\"   style=\"height: 40px\"><span class=\"vc_empty_space_inner\"><\/span><\/div>\n\t<div  class=\"wpb_single_image wpb_content_element vc_align_left\">\n\t\t\n\t\t<figure class=\"wpb_wrapper vc_figure\">\n\t\t\t<div class=\"vc_single_image-wrapper   vc_box_border_grey\"><img loading=\"lazy\" decoding=\"async\" width=\"447\" height=\"156\" src=\"https:\/\/xlogiq.com\/wp-content\/uploads\/2021\/01\/seacon_logo-2019.jpg\" class=\"vc_single_image-img attachment-large\" alt=\"seacon-logistics-logo\" srcset=\"https:\/\/xlogiq.com\/wp-content\/uploads\/2021\/01\/seacon_logo-2019.jpg 447w, https:\/\/xlogiq.com\/wp-content\/uploads\/2021\/01\/seacon_logo-2019-300x105.jpg 300w\" sizes=\"auto, (max-width: 447px) 100vw, 447px\"  data-dt-location=\"https:\/\/xlogiq.com\/en\/klantervaringen\/seacon-logistics\/seacon_logo-2019\/\" \/><\/div>\n\t\t<\/figure>\n\t<\/div>\n<\/div><\/div><\/div><div class=\"wpb_column vc_column_container vc_col-sm-8\"><div class=\"vc_column-inner\"><div class=\"wpb_wrapper\"><div class=\"vc_empty_space\"   style=\"height: 98px\"><span class=\"vc_empty_space_inner\"><\/span><\/div><div id=\"ultimate-heading-971169d666ad78677\" class=\"uvc-heading ult-adjust-bottom-margin ultimate-heading-971169d666ad78677 uvc-1498  uvc-heading-default-font-sizes\" data-hspacer=\"no_spacer\"  data-halign=\"left\" style=\"text-align:left\"><div class=\"uvc-heading-spacer no_spacer\" style=\"top\"><\/div><div class=\"uvc-main-heading ult-responsive\"  data-ultimate-target='.uvc-heading.ultimate-heading-971169d666ad78677 h2'  data-responsive-json-new='{\"font-size\":\"\",\"line-height\":\"\"}' ><h2 style=\"--font-weight:theme;\">Project: Seanovation<\/h2><\/div><\/div>\n\t<div class=\"wpb_text_column wpb_content_element\" >\n\t\t<div class=\"wpb_wrapper\">\n\t\t\t<p>Implement (greenfield) innovative, sustainable integrated business processes and solutions with the primary focus on pragmatic, margin increase and cost savings.<\/p>\n<p>One shipment, one truth throughout the entire logistics chain. Operational and financially in control before, during and afterwards.<\/p>\n\n\t\t<\/div>\n\t<\/div>\n<div class=\"vc_empty_space\"   style=\"height: 16px\"><span class=\"vc_empty_space_inner\"><\/span><\/div><div id=\"ultimate-heading-307269d666ad78a13\" class=\"uvc-heading ult-adjust-bottom-margin ultimate-heading-307269d666ad78a13 uvc-7080  uvc-heading-default-font-sizes\" data-hspacer=\"no_spacer\"  data-halign=\"left\" style=\"text-align:left\"><div class=\"uvc-heading-spacer no_spacer\" style=\"top\"><\/div><div class=\"uvc-main-heading ult-responsive\"  data-ultimate-target='.uvc-heading.ultimate-heading-307269d666ad78a13 h3'  data-responsive-json-new='{\"font-size\":\"\",\"line-height\":\"\"}' ><h3 style=\"--font-weight:theme;\">Services<\/h3><\/div><\/div><div class=\"vc_empty_space\"   style=\"height: 8px\"><span class=\"vc_empty_space_inner\"><\/span><\/div><div class=\"standard-arrow list-divider bullet-top\"><ul>\n<li>Transport LDV, short sea (charters, carriers), board computer app, crossdocking<\/li>\n<li>Warehouse and value added logistics, crossdocking<\/li>\n<li>Freight forwarding deep sea, air<\/li>\n<li>Customs<\/li>\n<li>Invoicing and e-Invoicing purchase, sales<\/li>\n<li>Control tower<\/li>\n<\/ul>\n<\/div><div class=\"vc_empty_space\"   style=\"height: 16px\"><span class=\"vc_empty_space_inner\"><\/span><\/div><\/div><\/div><\/div><\/div><div class=\"vc_row wpb_row vc_row-fluid\"><div class=\"wpb_column vc_column_container vc_col-sm-12\"><div class=\"vc_column-inner\"><div class=\"wpb_wrapper\"><div class=\"vc_empty_space\"   style=\"height: 32px\"><span class=\"vc_empty_space_inner\"><\/span><\/div><\/div><\/div><\/div><\/div><div class=\"vc_row wpb_row vc_row-fluid vc_custom_1611672324577 vc_row-has-fill\"><div class=\"wpb_column vc_column_container vc_col-sm-6\"><div class=\"vc_column-inner\"><div class=\"wpb_wrapper\"><div class=\"vc_empty_space\"   style=\"height: 32px\"><span class=\"vc_empty_space_inner\"><\/span><\/div>\n\t<div class=\"wpb_text_column wpb_content_element\" >\n\t\t<div class=\"wpb_wrapper\">\n\t\t\t<h3 style=\"text-align: left;\">Integrations:<\/h3>\n<h4 style=\"text-align: left;\">Customers, Charters, Carriers, Inttra, Portbase, Exact Globe Financials &amp; HR.<\/h4>\n\n\t\t<\/div>\n\t<\/div>\n<div class=\"vc_empty_space\"   style=\"height: 32px\"><span class=\"vc_empty_space_inner\"><\/span><\/div><\/div><\/div><\/div><div class=\"wpb_column vc_column_container vc_col-sm-6\"><div class=\"vc_column-inner\"><div class=\"wpb_wrapper\"><div class=\"vc_empty_space\"   style=\"height: 32px\"><span class=\"vc_empty_space_inner\"><\/span><\/div>\n\t<div class=\"wpb_text_column wpb_content_element\" >\n\t\t<div class=\"wpb_wrapper\">\n\t\t\t<h3 style=\"text-align: left;\">Core systems:<\/h3>\n<h4>BluJay Solutions, Exact Globe, Scansys and WhiteVision<\/h4>\n\n\t\t<\/div>\n\t<\/div>\n<div class=\"vc_empty_space\"   style=\"height: 32px\"><span class=\"vc_empty_space_inner\"><\/span><\/div><\/div><\/div><\/div><\/div><!-- Row Backgrounds --><div class=\"upb_color\" data-bg-override=\"0\" data-bg-color=\"rgba(128,197,204,0.1)\" data-fadeout=\"\" data-fadeout-percentage=\"30\" data-parallax-content=\"\" data-parallax-content-sense=\"30\" data-row-effect-mobile-disable=\"true\" data-img-parallax-mobile-disable=\"true\" data-rtl=\"false\"  data-custom-vc-row=\"\"  data-vc=\"6.6.0.1\"  data-is_old_vc=\"\"  data-theme-support=\"\"   data-overlay=\"false\" data-overlay-color=\"\" data-overlay-pattern=\"\" data-overlay-pattern-opacity=\"\" data-overlay-pattern-size=\"\"    ><\/div><div class=\"vc_row wpb_row vc_row-fluid\"><div class=\"wpb_column vc_column_container vc_col-sm-12\"><div class=\"vc_column-inner\"><div class=\"wpb_wrapper\"><div class=\"vc_empty_space\"   style=\"height: 96px\"><span class=\"vc_empty_space_inner\"><\/span><\/div><div class=\"vc_separator wpb_content_element vc_separator_align_center vc_sep_width_100 vc_sep_pos_align_center vc_sep_color_grey vc_separator-has-text\" ><span class=\"vc_sep_holder vc_sep_holder_l\"><span  class=\"vc_sep_line\"><\/span><\/span><h4>Other customer experiences<\/h4><span class=\"vc_sep_holder vc_sep_holder_r\"><span  class=\"vc_sep_line\"><\/span><\/span>\n<\/div><div class=\"vc_empty_space\"   style=\"height: 16px\"><span class=\"vc_empty_space_inner\"><\/span><\/div><style type=\"text\/css\" data-type=\"the7_shortcodes-inline-css\">.carousel-shortcode.carousel-shortcode-id-e736631f79f1a010aa65eafe23f7cb22 .owl-nav a {\n  width: 36px;\n  height: 36px;\n  border-radius: 500px;\n}\n.dt-arrow-border-on.carousel-shortcode.carousel-shortcode-id-e736631f79f1a010aa65eafe23f7cb22 .owl-nav a:not(:hover):before {\n  border-width: 0px;\n}\n.dt-arrow-hover-border-on.carousel-shortcode.carousel-shortcode-id-e736631f79f1a010aa65eafe23f7cb22 .owl-nav a:hover:after {\n  border-width: 0px;\n}\n.carousel-shortcode.carousel-shortcode-id-e736631f79f1a010aa65eafe23f7cb22 .owl-nav a.owl-prev {\n  top: 50%;\n  transform: translateY(calc(-50% + 0px));\n  left: -43px;\n}\n@media all and (-ms-high-contrast: none) {\n  .carousel-shortcode.carousel-shortcode-id-e736631f79f1a010aa65eafe23f7cb22 .owl-nav a.owl-prev {\n    transform: translateY(-50%);\n    margin-top: 0px;\n  }\n}\n.carousel-shortcode.carousel-shortcode-id-e736631f79f1a010aa65eafe23f7cb22 .owl-nav a.owl-prev i {\n  padding: 0px 0px 0px 0px;\n}\n.carousel-shortcode.carousel-shortcode-id-e736631f79f1a010aa65eafe23f7cb22 .owl-nav a.owl-next {\n  top: 50%;\n  transform: translateY(calc(-50% + 0px));\n  right: -43px;\n}\n@media all and (-ms-high-contrast: none) {\n  .carousel-shortcode.carousel-shortcode-id-e736631f79f1a010aa65eafe23f7cb22 .owl-nav a.owl-next {\n    transform: translateY(-50%);\n    margin-top: 0px;\n  }\n}\n.carousel-shortcode.carousel-shortcode-id-e736631f79f1a010aa65eafe23f7cb22 .owl-nav a.owl-next i {\n  padding: 0px 0px 0px 0px;\n}\n.carousel-shortcode.carousel-shortcode-id-e736631f79f1a010aa65eafe23f7cb22 .owl-nav i {\n  font-size: 18px;\n}\n.carousel-shortcode.carousel-shortcode-id-e736631f79f1a010aa65eafe23f7cb22 .owl-nav a:not(:hover) i,\n.carousel-shortcode.carousel-shortcode-id-e736631f79f1a010aa65eafe23f7cb22 .owl-nav a:not(:hover) i:before {\n  color: #ffffff;\n  background: none;\n}\n.carousel-shortcode.carousel-shortcode-id-e736631f79f1a010aa65eafe23f7cb22 .owl-nav a:hover i,\n.carousel-shortcode.carousel-shortcode-id-e736631f79f1a010aa65eafe23f7cb22 .owl-nav a:hover i:before {\n  color: rgba(255,255,255,0.75);\n  background: none;\n}\n.carousel-shortcode.carousel-shortcode-id-e736631f79f1a010aa65eafe23f7cb22 .owl-dots {\n  top: calc(100% + 20px);\n  left: 50%;\n  transform: translateX(calc(-50% + 0px));\n}\n@media all and (-ms-high-contrast: none) {\n  .carousel-shortcode.carousel-shortcode-id-e736631f79f1a010aa65eafe23f7cb22 .owl-dots {\n    transform: translateX(-50%);\n    margin-left: 0px;\n  }\n}\n.carousel-shortcode.carousel-shortcode-id-e736631f79f1a010aa65eafe23f7cb22 .owl-dot {\n  width: 10px;\n  height: 10px;\n  margin: 0 8px;\n}\n@media screen and (max-width: 778px) {\n  .carousel-shortcode.carousel-shortcode-id-e736631f79f1a010aa65eafe23f7cb22.hide-arrows .owl-nav a {\n    display: none;\n  }\n}\n@media screen and (max-width: 778px) {\n  .carousel-shortcode.carousel-shortcode-id-e736631f79f1a010aa65eafe23f7cb22.reposition-arrows .owl-nav .owl-prev {\n    top: 50%;\n    transform: translateY(calc(-50% + 0px));\n    left: 10px;\n  }\n  .carousel-shortcode.carousel-shortcode-id-e736631f79f1a010aa65eafe23f7cb22.reposition-arrows .owl-nav .owl-next {\n    top: 50%;\n    transform: translateY(calc(-50% + 0px));\n    right: 10px;\n  }\n}\n@media screen and (max-width: 778px) and all and (-ms-high-contrast: none) {\n  .carousel-shortcode.carousel-shortcode-id-e736631f79f1a010aa65eafe23f7cb22.reposition-arrows .owl-nav .owl-prev {\n    transform: translateY(-50%);\n    margin-top: 0px;\n  }\n}\n@media screen and (max-width: 778px) and all and (-ms-high-contrast: none) {\n  .carousel-shortcode.carousel-shortcode-id-e736631f79f1a010aa65eafe23f7cb22.reposition-arrows .owl-nav .owl-next {\n    transform: translateY(-50%);\n    margin-top: 0px;\n  }\n}\n<\/style><div class=\"owl-carousel carousel-shortcode dt-owl-carousel-call carousel-shortcode-id-e736631f79f1a010aa65eafe23f7cb22 bullets-small-dot-stroke reposition-arrows arrows-bg-on dt-arrow-border-on dt-arrow-hover-border-on disable-arrows-hover-bg arrows-hover-bg-on\" data-scroll-mode=\"1\" data-col-num=\"4\" data-wide-col-num=\"4\" data-laptop-col=\"3\" data-h-tablet-columns-num=\"3\" data-v-tablet-columns-num=\"2\" data-phone-columns-num=\"1\" data-auto-height=\"true\" data-col-gap=\"30\" data-stage-padding=\"0\" data-speed=\"600\" data-autoplay=\"false\" data-autoplay_speed=\"6000\" data-arrows=\"true\" data-bullet=\"false\" data-next-icon=\"icon-ar-017-r\" data-prev-icon=\"icon-ar-017-l\">\n\t<div  class=\"wpb_single_image wpb_content_element vc_align_center\">\n\t\t\n\t\t<figure class=\"wpb_wrapper vc_figure\">\n\t\t\t<a href=\"https:\/\/xlogiq.com\/en\/de-rijke-group\/\" target=\"_self\"  class=\"vc_single_image-wrapper   vc_box_border_grey rollover\"   ><img loading=\"lazy\" decoding=\"async\" width=\"225\" height=\"125\" src=\"https:\/\/xlogiq.com\/wp-content\/uploads\/2020\/12\/de-rijke.png\" class=\"vc_single_image-img attachment-full\" alt=\"de-rijke-logo\"  data-dt-location=\"https:\/\/xlogiq.com\/en\/de-rijke-logo\/\" \/><\/a>\n\t\t<\/figure>\n\t<\/div>\n\n\t<div  class=\"wpb_single_image wpb_content_element vc_align_center\">\n\t\t\n\t\t<figure class=\"wpb_wrapper vc_figure\">\n\t\t\t<a href=\"https:\/\/xlogiq.com\/en\/neele-vat-logistics\/\" target=\"_self\"  class=\"vc_single_image-wrapper   vc_box_border_grey rollover\"   ><img loading=\"lazy\" decoding=\"async\" width=\"225\" height=\"125\" src=\"https:\/\/xlogiq.com\/wp-content\/uploads\/2020\/12\/neele-vat-logistics.png\" class=\"vc_single_image-img attachment-full\" alt=\"neele-vat-logo\"  data-dt-location=\"https:\/\/xlogiq.com\/en\/neele-vat-logistics-logo-large\/\" \/><\/a>\n\t\t<\/figure>\n\t<\/div>\n\n\t<div  class=\"wpb_single_image wpb_content_element vc_align_center\">\n\t\t\n\t\t<figure class=\"wpb_wrapper vc_figure\">\n\t\t\t<a href=\"https:\/\/xlogiq.com\/en\/vos-logistics\/\" target=\"_self\"  class=\"vc_single_image-wrapper   vc_box_border_grey rollover\"   ><img loading=\"lazy\" decoding=\"async\" width=\"225\" height=\"125\" src=\"https:\/\/xlogiq.com\/wp-content\/uploads\/2021\/01\/vos-logistics-logo.png\" class=\"vc_single_image-img attachment-full\" alt=\"vos-logistics-logo\" srcset=\"https:\/\/xlogiq.com\/wp-content\/uploads\/2021\/01\/vos-logistics-logo.png 225w, https:\/\/xlogiq.com\/wp-content\/uploads\/2021\/01\/vos-logistics-logo-16x9.png 16w\" sizes=\"auto, (max-width: 225px) 100vw, 225px\"  data-dt-location=\"https:\/\/xlogiq.com\/en\/home\/vos-logistics-logo\/\" \/><\/a>\n\t\t<\/figure>\n\t<\/div>\n\n\t<div  class=\"wpb_single_image wpb_content_element vc_align_center\">\n\t\t\n\t\t<figure class=\"wpb_wrapper vc_figure\">\n\t\t\t<a href=\"https:\/\/xlogiq.com\/en\/vos-logistics\/\" target=\"_self\"  class=\"vc_single_image-wrapper   vc_box_border_grey rollover\"   ><img loading=\"lazy\" decoding=\"async\" width=\"225\" height=\"125\" src=\"https:\/\/xlogiq.com\/wp-content\/uploads\/2021\/01\/snel-shared-logistics-medium.png\" class=\"vc_single_image-img attachment-full\" alt=\"snel-shared-logistics-medium\" srcset=\"https:\/\/xlogiq.com\/wp-content\/uploads\/2021\/01\/snel-shared-logistics-medium.png 225w, https:\/\/xlogiq.com\/wp-content\/uploads\/2021\/01\/snel-shared-logistics-medium-16x9.png 16w\" sizes=\"auto, (max-width: 225px) 100vw, 225px\"  data-dt-location=\"https:\/\/xlogiq.com\/en\/home\/snel-shared-logistics-medium\/\" \/><\/a>\n\t\t<\/figure>\n\t<\/div>\n<\/div><div class=\"vc_empty_space\"   style=\"height: 32px\"><span class=\"vc_empty_space_inner\"><\/span><\/div><\/div><\/div><\/div><\/div><div class=\"vc_row wpb_row vc_row-fluid vc_custom_1609761371796\"><div class=\"wpb_column vc_column_container vc_col-sm-12\"><div class=\"vc_column-inner\"><div class=\"wpb_wrapper\"><div class=\"vc_empty_space\"   style=\"height: 32px\"><span class=\"vc_empty_space_inner\"><\/span><\/div><style type=\"text\/css\" data-type=\"the7_shortcodes-inline-css\">#default-btn-5801af74a273f3e20d4f6aaeeb1d2958.ico-right-side > i {\n  margin-right: 0px;\n  margin-left: 8px;\n}\n#default-btn-5801af74a273f3e20d4f6aaeeb1d2958 > i {\n  margin-right: 8px;\n}\n<\/style><div class=\"btn-align-center\"><a href=\"https:\/\/xlogiq.com\/en\/contact\/\" class=\"default-btn-shortcode dt-btn dt-btn-l link-hover-off\" id=\"default-btn-5801af74a273f3e20d4f6aaeeb1d2958\" title=\"Contact\"><span>Contact us<\/span><\/a><\/div><div class=\"vc_empty_space\"   style=\"height: 32px\"><span class=\"vc_empty_space_inner\"><\/span><\/div><\/div><\/div><\/div><\/div><!-- Row Backgrounds --><div class=\"upb_color\" data-bg-override=\"full\" data-bg-color=\"rgba(128,197,204,0.1)\" data-fadeout=\"\" data-fadeout-percentage=\"30\" data-parallax-content=\"\" data-parallax-content-sense=\"30\" data-row-effect-mobile-disable=\"true\" data-img-parallax-mobile-disable=\"true\" data-rtl=\"false\"  data-custom-vc-row=\"\"  data-vc=\"6.6.0.1\"  data-is_old_vc=\"\"  data-theme-support=\"\"   data-overlay=\"false\" data-overlay-color=\"\" data-overlay-pattern=\"\" data-overlay-pattern-opacity=\"\" data-overlay-pattern-size=\"\"    ><\/div>","protected":false},"excerpt":{"rendered":"<p>Seacon LogisticsBedrijfsprofiel Seacon Logistics is d\u00e9 logistieke ketenregisseur voor het co\u00f6rdineren en optimaliseren van de logistieke supply chain. Omzet: \u20ac 150 mln Medewerkers: 500 Vestigingen: 2 Europese landen Website: https:\/\/www.seaconlogistics.com\/ Project: Seanovation Implementeren (greenfield) van innovatieve, duurzame ge\u00efntegreerde bedrijfsprocessen om middels pragmatische oplossingen de marge te verhogen en kosten te besparen. E\u00e9n zending, \u00e9\u00e9n waarheid&hellip;<\/p>","protected":false},"author":1,"featured_media":0,"parent":2674,"menu_order":0,"comment_status":"closed","ping_status":"closed","template":"","meta":{"footnotes":""},"class_list":["post-1611","page","type-page","status-publish","hentry","description-off"],"yoast_head":"<!-- This site is optimized with the Yoast SEO plugin v25.8 - https:\/\/yoast.com\/wordpress\/plugins\/seo\/ -->\n<title>Seacon Logistics - XlogiQ Consulting Group<\/title>\n<meta name=\"robots\" content=\"index, follow, max-snippet:-1, max-image-preview:large, max-video-preview:-1\" \/>\n<link rel=\"canonical\" href=\"https:\/\/xlogiq.com\/en\/klantervaringen\/seacon-logistics\/\" \/>\n<meta property=\"og:locale\" content=\"en_GB\" \/>\n<meta property=\"og:type\" content=\"article\" \/>\n<meta property=\"og:title\" content=\"Seacon Logistics - XlogiQ Consulting Group\" \/>\n<meta property=\"og:url\" content=\"https:\/\/xlogiq.com\/en\/klantervaringen\/seacon-logistics\/\" \/>\n<meta property=\"og:site_name\" content=\"XlogiQ Consulting Group\" \/>\n<meta property=\"article:modified_time\" content=\"2021-01-27T12:50:28+00:00\" \/>\n<meta name=\"twitter:card\" content=\"summary_large_image\" \/>\n<meta name=\"twitter:label1\" content=\"Estimated reading time\" \/>\n\t<meta name=\"twitter:data1\" content=\"3 minutes\" \/>\n<script type=\"application\/ld+json\" class=\"yoast-schema-graph\">{\"@context\":\"https:\/\/schema.org\",\"@graph\":[{\"@type\":\"WebPage\",\"@id\":\"https:\/\/xlogiq.com\/klantervaringen\/seacon-logistics\/\",\"url\":\"https:\/\/xlogiq.com\/klantervaringen\/seacon-logistics\/\",\"name\":\"Seacon Logistics - XlogiQ Consulting Group\",\"isPartOf\":{\"@id\":\"https:\/\/xlogiq.com\/#website\"},\"datePublished\":\"2021-01-05T13:52:12+00:00\",\"dateModified\":\"2021-01-27T12:50:28+00:00\",\"breadcrumb\":{\"@id\":\"https:\/\/xlogiq.com\/klantervaringen\/seacon-logistics\/#breadcrumb\"},\"inLanguage\":\"en-GB\",\"potentialAction\":[{\"@type\":\"ReadAction\",\"target\":[\"https:\/\/xlogiq.com\/klantervaringen\/seacon-logistics\/\"]}]},{\"@type\":\"BreadcrumbList\",\"@id\":\"https:\/\/xlogiq.com\/klantervaringen\/seacon-logistics\/#breadcrumb\",\"itemListElement\":[{\"@type\":\"ListItem\",\"position\":1,\"name\":\"Home\",\"item\":\"https:\/\/xlogiq.com\/\"},{\"@type\":\"ListItem\",\"position\":2,\"name\":\"Klantervaringen\",\"item\":\"https:\/\/xlogiq.com\/klantervaringen\/\"},{\"@type\":\"ListItem\",\"position\":3,\"name\":\"Seacon Logistics\"}]},{\"@type\":\"WebSite\",\"@id\":\"https:\/\/xlogiq.com\/#website\",\"url\":\"https:\/\/xlogiq.com\/\",\"name\":\"XlogiQ Consulting Group\",\"description\":\"Excelling IT Solutions\",\"publisher\":{\"@id\":\"https:\/\/xlogiq.com\/#organization\"},\"potentialAction\":[{\"@type\":\"SearchAction\",\"target\":{\"@type\":\"EntryPoint\",\"urlTemplate\":\"https:\/\/xlogiq.com\/?s={search_term_string}\"},\"query-input\":{\"@type\":\"PropertyValueSpecification\",\"valueRequired\":true,\"valueName\":\"search_term_string\"}}],\"inLanguage\":\"en-GB\"},{\"@type\":\"Organization\",\"@id\":\"https:\/\/xlogiq.com\/#organization\",\"name\":\"XlogiQ Consulting Group\",\"url\":\"https:\/\/xlogiq.com\/\",\"logo\":{\"@type\":\"ImageObject\",\"inLanguage\":\"en-GB\",\"@id\":\"https:\/\/xlogiq.com\/#\/schema\/logo\/image\/\",\"url\":\"https:\/\/xlogiq.com\/wp-content\/uploads\/2021\/01\/xlogiq-overons.jpg\",\"contentUrl\":\"https:\/\/xlogiq.com\/wp-content\/uploads\/2021\/01\/xlogiq-overons.jpg\",\"width\":450,\"height\":200,\"caption\":\"XlogiQ Consulting Group\"},\"image\":{\"@id\":\"https:\/\/xlogiq.com\/#\/schema\/logo\/image\/\"},\"sameAs\":[\"https:\/\/www.linkedin.com\/company\/xlogiq-consulting-group\/?viewAsMember=true\"]}]}<\/script>\n<!-- \/ Yoast SEO plugin. -->","yoast_head_json":{"title":"Seacon Logistics - XlogiQ Consulting Group","robots":{"index":"index","follow":"follow","max-snippet":"max-snippet:-1","max-image-preview":"max-image-preview:large","max-video-preview":"max-video-preview:-1"},"canonical":"https:\/\/xlogiq.com\/en\/klantervaringen\/seacon-logistics\/","og_locale":"en_GB","og_type":"article","og_title":"Seacon Logistics - XlogiQ Consulting Group","og_url":"https:\/\/xlogiq.com\/en\/klantervaringen\/seacon-logistics\/","og_site_name":"XlogiQ Consulting Group","article_modified_time":"2021-01-27T12:50:28+00:00","twitter_card":"summary_large_image","twitter_misc":{"Estimated reading time":"3 minutes"},"schema":{"@context":"https:\/\/schema.org","@graph":[{"@type":"WebPage","@id":"https:\/\/xlogiq.com\/klantervaringen\/seacon-logistics\/","url":"https:\/\/xlogiq.com\/klantervaringen\/seacon-logistics\/","name":"Seacon Logistics - XlogiQ Consulting Group","isPartOf":{"@id":"https:\/\/xlogiq.com\/#website"},"datePublished":"2021-01-05T13:52:12+00:00","dateModified":"2021-01-27T12:50:28+00:00","breadcrumb":{"@id":"https:\/\/xlogiq.com\/klantervaringen\/seacon-logistics\/#breadcrumb"},"inLanguage":"en-GB","potentialAction":[{"@type":"ReadAction","target":["https:\/\/xlogiq.com\/klantervaringen\/seacon-logistics\/"]}]},{"@type":"BreadcrumbList","@id":"https:\/\/xlogiq.com\/klantervaringen\/seacon-logistics\/#breadcrumb","itemListElement":[{"@type":"ListItem","position":1,"name":"Home","item":"https:\/\/xlogiq.com\/"},{"@type":"ListItem","position":2,"name":"Klantervaringen","item":"https:\/\/xlogiq.com\/klantervaringen\/"},{"@type":"ListItem","position":3,"name":"Seacon Logistics"}]},{"@type":"WebSite","@id":"https:\/\/xlogiq.com\/#website","url":"https:\/\/xlogiq.com\/","name":"XlogiQ Consulting Group","description":"Excelling IT Solutions","publisher":{"@id":"https:\/\/xlogiq.com\/#organization"},"potentialAction":[{"@type":"SearchAction","target":{"@type":"EntryPoint","urlTemplate":"https:\/\/xlogiq.com\/?s={search_term_string}"},"query-input":{"@type":"PropertyValueSpecification","valueRequired":true,"valueName":"search_term_string"}}],"inLanguage":"en-GB"},{"@type":"Organization","@id":"https:\/\/xlogiq.com\/#organization","name":"XlogiQ Consulting Group","url":"https:\/\/xlogiq.com\/","logo":{"@type":"ImageObject","inLanguage":"en-GB","@id":"https:\/\/xlogiq.com\/#\/schema\/logo\/image\/","url":"https:\/\/xlogiq.com\/wp-content\/uploads\/2021\/01\/xlogiq-overons.jpg","contentUrl":"https:\/\/xlogiq.com\/wp-content\/uploads\/2021\/01\/xlogiq-overons.jpg","width":450,"height":200,"caption":"XlogiQ Consulting Group"},"image":{"@id":"https:\/\/xlogiq.com\/#\/schema\/logo\/image\/"},"sameAs":["https:\/\/www.linkedin.com\/company\/xlogiq-consulting-group\/?viewAsMember=true"]}]}},"_links":{"self":[{"href":"https:\/\/xlogiq.com\/en\/wp-json\/wp\/v2\/pages\/1611","targetHints":{"allow":["GET"]}}],"collection":[{"href":"https:\/\/xlogiq.com\/en\/wp-json\/wp\/v2\/pages"}],"about":[{"href":"https:\/\/xlogiq.com\/en\/wp-json\/wp\/v2\/types\/page"}],"author":[{"embeddable":true,"href":"https:\/\/xlogiq.com\/en\/wp-json\/wp\/v2\/users\/1"}],"replies":[{"embeddable":true,"href":"https:\/\/xlogiq.com\/en\/wp-json\/wp\/v2\/comments?post=1611"}],"version-history":[{"count":23,"href":"https:\/\/xlogiq.com\/en\/wp-json\/wp\/v2\/pages\/1611\/revisions"}],"predecessor-version":[{"id":2795,"href":"https:\/\/xlogiq.com\/en\/wp-json\/wp\/v2\/pages\/1611\/revisions\/2795"}],"up":[{"embeddable":true,"href":"https:\/\/xlogiq.com\/en\/wp-json\/wp\/v2\/pages\/2674"}],"wp:attachment":[{"href":"https:\/\/xlogiq.com\/en\/wp-json\/wp\/v2\/media?parent=1611"}],"curies":[{"name":"wp","href":"https:\/\/api.w.org\/{rel}","templated":true}]}}