{"id":1488,"date":"2021-01-04T14:04:29","date_gmt":"2021-01-04T13:04:29","guid":{"rendered":"https:\/\/xlogiq.com\/?page_id=1488"},"modified":"2021-01-23T15:46:05","modified_gmt":"2021-01-23T14:46:05","slug":"oplossingen","status":"publish","type":"page","link":"https:\/\/xlogiq.com\/en\/oplossingen\/","title":{"rendered":"Solutions"},"content":{"rendered":"<div class=\"vc_row wpb_row vc_row-fluid vc_custom_1609954537810\"><div class=\"wpb_column vc_column_container vc_col-sm-8\"><div class=\"vc_column-inner\"><div class=\"wpb_wrapper\"><div id=\"ultimate-heading-695269e07d5d2aa7b\" class=\"uvc-heading ult-adjust-bottom-margin ultimate-heading-695269e07d5d2aa7b uvc-3670  uvc-heading-default-font-sizes\" data-hspacer=\"line_only\"  data-halign=\"left\" style=\"text-align:left\"><div class=\"uvc-main-heading ult-responsive\"  data-ultimate-target='.uvc-heading.ultimate-heading-695269e07d5d2aa7b h1'  data-responsive-json-new='{\"font-size\":\"\",\"line-height\":\"\"}' ><h1 style=\"--font-weight:theme;\">Our services<\/h1><\/div><div class=\"uvc-heading-spacer line_only\" style=\"topheight:1px;\"><span class=\"uvc-headings-line\" style=\"border-style:solid;border-bottom-width:1px;border-color:#008b99;width:75px;\"><\/span><\/div><\/div><div class=\"vc_empty_space\"   style=\"height: 16px\"><span class=\"vc_empty_space_inner\"><\/span><\/div>\n\t<div class=\"wpb_text_column wpb_content_element\" >\n\t\t<div class=\"wpb_wrapper\">\n\t\t\t<p>All BluJay systems mentioned below can be used fully integrated with road transport, warehouse, air and sea freight and customs. One order (one truth) in the entire logistics chain.<\/p>\n\n\t\t<\/div>\n\t<\/div>\n<\/div><\/div><\/div><div class=\"wpb_column vc_column_container vc_col-sm-4\"><div class=\"vc_column-inner\"><div class=\"wpb_wrapper\"><\/div><\/div><\/div><\/div><div class=\"vc_row wpb_row vc_row-fluid\"><div class=\"wpb_column vc_column_container vc_col-sm-12\"><div class=\"vc_column-inner\"><div class=\"wpb_wrapper\"><div class=\"vc_empty_space\"   style=\"height: 32px\"><span class=\"vc_empty_space_inner\"><\/span><\/div><\/div><\/div><\/div><\/div><div class=\"vc_row wpb_row vc_row-fluid\"><div class=\"wpb_column vc_column_container vc_col-sm-4\"><div class=\"vc_column-inner\"><div class=\"wpb_wrapper\">\n<div id=\"interactive-banner-1-wrap-6555\" class=\"ult-banner-block ult-adjust-bottom-margin ult-bb-more ult-banner-block-custom-height banner-style11\"   style=\"height:200px;\">\n\t<img decoding=\"async\" src=\"https:\/\/xlogiq.com\/wp-content\/uploads\/2021\/01\/transport-management-systeem.jpg\" alt=\"transport-management-systeem\">\n\t<h3  data-ultimate-target='#interactive-banner-1-wrap-6555 .bb-top-title '  data-responsive-json-new='{\"font-size\":\"desktop:18px;\",\"line-height\":\"\"}'  class=\"title-center bb-top-title ult-responsive\" style=\"font-weight:normal;background:#1a97a3;color:#ffffff;\">Transport Management System<\/h3>\n\t<div class=\"mask opaque-background\" style=\"background:rgba(128,197,204,0.5);\">\n\t\t<div  data-ultimate-target='#interactive-banner-1-wrap-6555 .bb-description'  data-responsive-json-new='{\"font-size\":\"\",\"line-height\":\"desktop:20px;\"}'  class=\"bb-description ult-responsive\" style=\"font-weight:normal;color:#ffffff;\"><\/div>\n\t\t<a class=\"bb-link\" href=\"https:\/\/xlogiq.com\/en\/oplossingen\/transport-management-systeem\/\" title=\"Transport Management System\"  style=\"background:#008b99;color:#ffffff;\">More about this solution<\/a>\n\t<\/div>\n<\/div><\/div><\/div><\/div><div class=\"wpb_column vc_column_container vc_col-sm-4\"><div class=\"vc_column-inner\"><div class=\"wpb_wrapper\">\n<div id=\"interactive-banner-1-wrap-2194\" class=\"ult-banner-block ult-adjust-bottom-margin ult-bb-more ult-banner-block-custom-height banner-style11\"   style=\"height:200px;\">\n\t<img decoding=\"async\" src=\"https:\/\/xlogiq.com\/wp-content\/uploads\/2021\/01\/warehouse.jpg\" alt=\"warehouse\">\n\t<h3  data-ultimate-target='#interactive-banner-1-wrap-2194 .bb-top-title '  data-responsive-json-new='{\"font-size\":\"desktop:18px;\",\"line-height\":\"\"}'  class=\"title-center bb-top-title ult-responsive\" style=\"font-weight:normal;background:#1a97a3;color:#ffffff;\">Warehouse Management System<\/h3>\n\t<div class=\"mask opaque-background\" style=\"background:rgba(128,197,204,0.5);\">\n\t\t<div  data-ultimate-target='#interactive-banner-1-wrap-2194 .bb-description'  data-responsive-json-new='{\"font-size\":\"\",\"line-height\":\"desktop:20px;\"}'  class=\"bb-description ult-responsive\" style=\"font-weight:normal;color:#ffffff;\"><\/div>\n\t\t<a class=\"bb-link\" href=\"https:\/\/xlogiq.com\/en\/oplossingen\/warehouse-management-systeem\/\" title=\"Warehouse Management System\"  style=\"background:#008b99;color:#ffffff;\">More about this solution<\/a>\n\t<\/div>\n<\/div><\/div><\/div><\/div><div class=\"wpb_column vc_column_container vc_col-sm-4\"><div class=\"vc_column-inner\"><div class=\"wpb_wrapper\">\n<div id=\"interactive-banner-1-wrap-3380\" class=\"ult-banner-block ult-adjust-bottom-margin ult-bb-more ult-banner-block-custom-height banner-style11\"   style=\"height:200px;\">\n\t<img decoding=\"async\" src=\"https:\/\/xlogiq.com\/wp-content\/uploads\/2021\/01\/forwardingmanagementsysteem.jpg\" alt=\"null\">\n\t<h3  data-ultimate-target='#interactive-banner-1-wrap-3380 .bb-top-title '  data-responsive-json-new='{\"font-size\":\"desktop:18px;\",\"line-height\":\"\"}'  class=\"title-center bb-top-title ult-responsive\" style=\"font-weight:normal;background:#1a97a3;color:#ffffff;\">Forwarding Management System<\/h3>\n\t<div class=\"mask opaque-background\" style=\"background:rgba(128,197,204,0.5);\">\n\t\t<div  data-ultimate-target='#interactive-banner-1-wrap-3380 .bb-description'  data-responsive-json-new='{\"font-size\":\"\",\"line-height\":\"desktop:20px;\"}'  class=\"bb-description ult-responsive\" style=\"font-weight:normal;color:#ffffff;\"><\/div>\n\t\t<a class=\"bb-link\" href=\"https:\/\/xlogiq.com\/en\/oplossingen\/forwarding-management-systeem\/\" title=\"Forwarding Management System\"  style=\"background:#008b99;color:#ffffff;\">More about this solution<\/a>\n\t<\/div>\n<\/div><\/div><\/div><\/div><\/div><div class=\"vc_row wpb_row vc_row-fluid\"><div class=\"wpb_column vc_column_container vc_col-sm-4\"><div class=\"vc_column-inner\"><div class=\"wpb_wrapper\">\n<div id=\"interactive-banner-1-wrap-1396\" class=\"ult-banner-block ult-adjust-bottom-margin ult-bb-more ult-banner-block-custom-height banner-style11\"   style=\"height:200px;\">\n\t<img decoding=\"async\" src=\"https:\/\/xlogiq.com\/wp-content\/uploads\/2021\/01\/integraties.jpg\" alt=\"integraties\">\n\t<h3  data-ultimate-target='#interactive-banner-1-wrap-1396 .bb-top-title '  data-responsive-json-new='{\"font-size\":\"desktop:18px;\",\"line-height\":\"\"}'  class=\"title-center bb-top-title ult-responsive\" style=\"font-weight:normal;background:#1a97a3;color:#ffffff;\">Integrations<\/h3>\n\t<div class=\"mask opaque-background\" style=\"background:rgba(128,197,204,0.5);\">\n\t\t<div  data-ultimate-target='#interactive-banner-1-wrap-1396 .bb-description'  data-responsive-json-new='{\"font-size\":\"\",\"line-height\":\"desktop:20px;\"}'  class=\"bb-description ult-responsive\" style=\"font-weight:normal;color:#ffffff;\"><\/div>\n\t\t<a class=\"bb-link\" href=\"https:\/\/xlogiq.com\/en\/oplossingen\/integraties\/\" title=\"Integrations\"  style=\"background:#008b99;color:#ffffff;\">More about this solution<\/a>\n\t<\/div>\n<\/div><\/div><\/div><\/div><div class=\"wpb_column vc_column_container vc_col-sm-4\"><div class=\"vc_column-inner\"><div class=\"wpb_wrapper\">\n<div id=\"interactive-banner-1-wrap-1912\" class=\"ult-banner-block ult-adjust-bottom-margin ult-bb-more ult-banner-block-custom-height banner-style11\"   style=\"height:200px;\">\n\t<img decoding=\"async\" src=\"https:\/\/xlogiq.com\/wp-content\/uploads\/2021\/01\/douane.jpg\" alt=\"douane\">\n\t<h3  data-ultimate-target='#interactive-banner-1-wrap-1912 .bb-top-title '  data-responsive-json-new='{\"font-size\":\"desktop:18px;\",\"line-height\":\"\"}'  class=\"title-center bb-top-title ult-responsive\" style=\"font-weight:normal;background:#1a97a3;color:#ffffff;\">Customs<\/h3>\n\t<div class=\"mask opaque-background\" style=\"background:rgba(128,197,204,0.5);\">\n\t\t<div  data-ultimate-target='#interactive-banner-1-wrap-1912 .bb-description'  data-responsive-json-new='{\"font-size\":\"\",\"line-height\":\"desktop:20px;\"}'  class=\"bb-description ult-responsive\" style=\"font-weight:normal;color:#ffffff;\"><\/div>\n\t\t<a class=\"bb-link\" href=\"https:\/\/xlogiq.com\/en\/oplossingen\/douane\/\" title=\"Customs\"  style=\"background:#008b99;color:#ffffff;\">More about this solution<\/a>\n\t<\/div>\n<\/div><\/div><\/div><\/div><div class=\"wpb_column vc_column_container vc_col-sm-4\"><div class=\"vc_column-inner\"><div class=\"wpb_wrapper\">\n<div id=\"interactive-banner-1-wrap-6326\" class=\"ult-banner-block ult-adjust-bottom-margin ult-bb-more ult-banner-block-custom-height banner-style11\"   style=\"height:200px;\">\n\t<img decoding=\"async\" src=\"https:\/\/xlogiq.com\/wp-content\/uploads\/2021\/01\/forwarding-image.png\" alt=\"rapportage-afbeelding\">\n\t<h3  data-ultimate-target='#interactive-banner-1-wrap-6326 .bb-top-title '  data-responsive-json-new='{\"font-size\":\"desktop:18px;\",\"line-height\":\"\"}'  class=\"title-center bb-top-title ult-responsive\" style=\"font-weight:normal;background:#1a97a3;color:#ffffff;\">Management Reports<\/h3>\n\t<div class=\"mask opaque-background\" style=\"background:rgba(128,197,204,0.5);\">\n\t\t<div  data-ultimate-target='#interactive-banner-1-wrap-6326 .bb-description'  data-responsive-json-new='{\"font-size\":\"\",\"line-height\":\"desktop:20px;\"}'  class=\"bb-description ult-responsive\" style=\"font-weight:normal;color:#ffffff;\"><\/div>\n\t\t<a class=\"bb-link\" href=\"https:\/\/xlogiq.com\/en\/oplossingen\/management-rapportage\/\" title=\"Management Reports\"  style=\"background:#008b99;color:#ffffff;\">More about this solution<\/a>\n\t<\/div>\n<\/div><\/div><\/div><\/div><\/div><div class=\"vc_row wpb_row vc_row-fluid\"><div class=\"wpb_column vc_column_container vc_col-sm-12\"><div class=\"vc_column-inner\"><div class=\"wpb_wrapper\"><div class=\"vc_empty_space\"   style=\"height: 16px\"><span class=\"vc_empty_space_inner\"><\/span><\/div><\/div><\/div><\/div><\/div><div class=\"vc_row wpb_row vc_row-fluid vc_custom_1610114805373\"><div class=\"wpb_column vc_column_container vc_col-sm-12\"><div class=\"vc_column-inner\"><div class=\"wpb_wrapper\"><div class=\"vc_empty_space\"   style=\"height: 32px\"><span class=\"vc_empty_space_inner\"><\/span><\/div><style type=\"text\/css\" data-type=\"the7_shortcodes-inline-css\">#default-btn-5801af74a273f3e20d4f6aaeeb1d2958.ico-right-side > i {\n  margin-right: 0px;\n  margin-left: 8px;\n}\n#default-btn-5801af74a273f3e20d4f6aaeeb1d2958 > i {\n  margin-right: 8px;\n}\n<\/style><div class=\"btn-align-center\"><a href=\"https:\/\/xlogiq.com\/en\/contact\/\" class=\"default-btn-shortcode dt-btn dt-btn-l link-hover-off\" id=\"default-btn-5801af74a273f3e20d4f6aaeeb1d2958\" title=\"Contact\"><span>Contact us<\/span><\/a><\/div><div class=\"vc_empty_space\"   style=\"height: 32px\"><span class=\"vc_empty_space_inner\"><\/span><\/div><\/div><\/div><\/div><\/div><!-- Row Backgrounds --><div class=\"upb_color\" data-bg-override=\"full\" data-bg-color=\"rgba(128,197,204,0.1)\" data-fadeout=\"\" data-fadeout-percentage=\"30\" data-parallax-content=\"\" data-parallax-content-sense=\"30\" data-row-effect-mobile-disable=\"true\" data-img-parallax-mobile-disable=\"true\" data-rtl=\"false\"  data-custom-vc-row=\"\"  data-vc=\"6.6.0.1\"  data-is_old_vc=\"\"  data-theme-support=\"\"   data-overlay=\"false\" data-overlay-color=\"\" data-overlay-pattern=\"\" data-overlay-pattern-opacity=\"\" data-overlay-pattern-size=\"\"    ><\/div>","protected":false},"excerpt":{"rendered":"<p>Onze oplossingen Alle hierna genoemde BluJay systemen kunnen volledig ge\u00efntegreerd ingezet worden met wegtransport, warehouse, lucht -en zeevracht en douane. E\u00e9n order (\u00e9\u00e9n waarheid) in de gehele logistieke keten. Transport Management Systeem Lees meer over deze oplossing Warehouse Management Systeem Lees meer over deze oplossing Forwarding Management Systeem Lees meer over deze oplossing Integraties Lees&hellip;<\/p>","protected":false},"author":1,"featured_media":0,"parent":0,"menu_order":0,"comment_status":"closed","ping_status":"closed","template":"","meta":{"footnotes":""},"class_list":["post-1488","page","type-page","status-publish","hentry","description-off"],"yoast_head":"<!-- This site is optimized with the Yoast SEO plugin v25.8 - https:\/\/yoast.com\/wordpress\/plugins\/seo\/ -->\n<title>Oplossingen - XlogiQ Consulting Group<\/title>\n<meta name=\"robots\" content=\"index, follow, max-snippet:-1, max-image-preview:large, max-video-preview:-1\" \/>\n<link rel=\"canonical\" href=\"https:\/\/xlogiq.com\/en\/oplossingen\/\" \/>\n<meta property=\"og:locale\" content=\"en_GB\" \/>\n<meta property=\"og:type\" content=\"article\" \/>\n<meta property=\"og:title\" content=\"Oplossingen - XlogiQ Consulting Group\" \/>\n<meta property=\"og:url\" content=\"https:\/\/xlogiq.com\/en\/oplossingen\/\" \/>\n<meta property=\"og:site_name\" content=\"XlogiQ Consulting Group\" \/>\n<meta property=\"article:modified_time\" content=\"2021-01-23T14:46:05+00:00\" \/>\n<meta name=\"twitter:card\" content=\"summary_large_image\" \/>\n<meta name=\"twitter:label1\" content=\"Estimated reading time\" \/>\n\t<meta name=\"twitter:data1\" content=\"4 minutes\" \/>\n<script type=\"application\/ld+json\" class=\"yoast-schema-graph\">{\"@context\":\"https:\/\/schema.org\",\"@graph\":[{\"@type\":\"WebPage\",\"@id\":\"https:\/\/xlogiq.com\/oplossingen\/\",\"url\":\"https:\/\/xlogiq.com\/oplossingen\/\",\"name\":\"Oplossingen - XlogiQ Consulting Group\",\"isPartOf\":{\"@id\":\"https:\/\/xlogiq.com\/#website\"},\"datePublished\":\"2021-01-04T13:04:29+00:00\",\"dateModified\":\"2021-01-23T14:46:05+00:00\",\"breadcrumb\":{\"@id\":\"https:\/\/xlogiq.com\/oplossingen\/#breadcrumb\"},\"inLanguage\":\"en-GB\",\"potentialAction\":[{\"@type\":\"ReadAction\",\"target\":[\"https:\/\/xlogiq.com\/oplossingen\/\"]}]},{\"@type\":\"BreadcrumbList\",\"@id\":\"https:\/\/xlogiq.com\/oplossingen\/#breadcrumb\",\"itemListElement\":[{\"@type\":\"ListItem\",\"position\":1,\"name\":\"Home\",\"item\":\"https:\/\/xlogiq.com\/\"},{\"@type\":\"ListItem\",\"position\":2,\"name\":\"Oplossingen\"}]},{\"@type\":\"WebSite\",\"@id\":\"https:\/\/xlogiq.com\/#website\",\"url\":\"https:\/\/xlogiq.com\/\",\"name\":\"XlogiQ Consulting Group\",\"description\":\"Excelling IT Solutions\",\"publisher\":{\"@id\":\"https:\/\/xlogiq.com\/#organization\"},\"potentialAction\":[{\"@type\":\"SearchAction\",\"target\":{\"@type\":\"EntryPoint\",\"urlTemplate\":\"https:\/\/xlogiq.com\/?s={search_term_string}\"},\"query-input\":{\"@type\":\"PropertyValueSpecification\",\"valueRequired\":true,\"valueName\":\"search_term_string\"}}],\"inLanguage\":\"en-GB\"},{\"@type\":\"Organization\",\"@id\":\"https:\/\/xlogiq.com\/#organization\",\"name\":\"XlogiQ Consulting Group\",\"url\":\"https:\/\/xlogiq.com\/\",\"logo\":{\"@type\":\"ImageObject\",\"inLanguage\":\"en-GB\",\"@id\":\"https:\/\/xlogiq.com\/#\/schema\/logo\/image\/\",\"url\":\"https:\/\/xlogiq.com\/wp-content\/uploads\/2021\/01\/xlogiq-overons.jpg\",\"contentUrl\":\"https:\/\/xlogiq.com\/wp-content\/uploads\/2021\/01\/xlogiq-overons.jpg\",\"width\":450,\"height\":200,\"caption\":\"XlogiQ Consulting Group\"},\"image\":{\"@id\":\"https:\/\/xlogiq.com\/#\/schema\/logo\/image\/\"},\"sameAs\":[\"https:\/\/www.linkedin.com\/company\/xlogiq-consulting-group\/?viewAsMember=true\"]}]}<\/script>\n<!-- \/ Yoast SEO plugin. -->","yoast_head_json":{"title":"Oplossingen - XlogiQ Consulting Group","robots":{"index":"index","follow":"follow","max-snippet":"max-snippet:-1","max-image-preview":"max-image-preview:large","max-video-preview":"max-video-preview:-1"},"canonical":"https:\/\/xlogiq.com\/en\/oplossingen\/","og_locale":"en_GB","og_type":"article","og_title":"Oplossingen - XlogiQ Consulting Group","og_url":"https:\/\/xlogiq.com\/en\/oplossingen\/","og_site_name":"XlogiQ Consulting Group","article_modified_time":"2021-01-23T14:46:05+00:00","twitter_card":"summary_large_image","twitter_misc":{"Estimated reading time":"4 minutes"},"schema":{"@context":"https:\/\/schema.org","@graph":[{"@type":"WebPage","@id":"https:\/\/xlogiq.com\/oplossingen\/","url":"https:\/\/xlogiq.com\/oplossingen\/","name":"Oplossingen - XlogiQ Consulting Group","isPartOf":{"@id":"https:\/\/xlogiq.com\/#website"},"datePublished":"2021-01-04T13:04:29+00:00","dateModified":"2021-01-23T14:46:05+00:00","breadcrumb":{"@id":"https:\/\/xlogiq.com\/oplossingen\/#breadcrumb"},"inLanguage":"en-GB","potentialAction":[{"@type":"ReadAction","target":["https:\/\/xlogiq.com\/oplossingen\/"]}]},{"@type":"BreadcrumbList","@id":"https:\/\/xlogiq.com\/oplossingen\/#breadcrumb","itemListElement":[{"@type":"ListItem","position":1,"name":"Home","item":"https:\/\/xlogiq.com\/"},{"@type":"ListItem","position":2,"name":"Oplossingen"}]},{"@type":"WebSite","@id":"https:\/\/xlogiq.com\/#website","url":"https:\/\/xlogiq.com\/","name":"XlogiQ Consulting Group","description":"Excelling IT Solutions","publisher":{"@id":"https:\/\/xlogiq.com\/#organization"},"potentialAction":[{"@type":"SearchAction","target":{"@type":"EntryPoint","urlTemplate":"https:\/\/xlogiq.com\/?s={search_term_string}"},"query-input":{"@type":"PropertyValueSpecification","valueRequired":true,"valueName":"search_term_string"}}],"inLanguage":"en-GB"},{"@type":"Organization","@id":"https:\/\/xlogiq.com\/#organization","name":"XlogiQ Consulting Group","url":"https:\/\/xlogiq.com\/","logo":{"@type":"ImageObject","inLanguage":"en-GB","@id":"https:\/\/xlogiq.com\/#\/schema\/logo\/image\/","url":"https:\/\/xlogiq.com\/wp-content\/uploads\/2021\/01\/xlogiq-overons.jpg","contentUrl":"https:\/\/xlogiq.com\/wp-content\/uploads\/2021\/01\/xlogiq-overons.jpg","width":450,"height":200,"caption":"XlogiQ Consulting Group"},"image":{"@id":"https:\/\/xlogiq.com\/#\/schema\/logo\/image\/"},"sameAs":["https:\/\/www.linkedin.com\/company\/xlogiq-consulting-group\/?viewAsMember=true"]}]}},"_links":{"self":[{"href":"https:\/\/xlogiq.com\/en\/wp-json\/wp\/v2\/pages\/1488","targetHints":{"allow":["GET"]}}],"collection":[{"href":"https:\/\/xlogiq.com\/en\/wp-json\/wp\/v2\/pages"}],"about":[{"href":"https:\/\/xlogiq.com\/en\/wp-json\/wp\/v2\/types\/page"}],"author":[{"embeddable":true,"href":"https:\/\/xlogiq.com\/en\/wp-json\/wp\/v2\/users\/1"}],"replies":[{"embeddable":true,"href":"https:\/\/xlogiq.com\/en\/wp-json\/wp\/v2\/comments?post=1488"}],"version-history":[{"count":94,"href":"https:\/\/xlogiq.com\/en\/wp-json\/wp\/v2\/pages\/1488\/revisions"}],"predecessor-version":[{"id":2532,"href":"https:\/\/xlogiq.com\/en\/wp-json\/wp\/v2\/pages\/1488\/revisions\/2532"}],"wp:attachment":[{"href":"https:\/\/xlogiq.com\/en\/wp-json\/wp\/v2\/media?parent=1488"}],"curies":[{"name":"wp","href":"https:\/\/api.w.org\/{rel}","templated":true}]}}